{"id":38,"date":"2019-10-03T00:22:15","date_gmt":"2019-10-03T00:22:15","guid":{"rendered":"https:\/\/filtratec.com.co\/?page_id=38"},"modified":"2022-11-25T02:42:36","modified_gmt":"2022-11-25T02:42:36","slug":"filtratec","status":"publish","type":"page","link":"https:\/\/filtratec.com.co\/","title":{"rendered":"Filtratec de Colombia SAS"},"content":{"rendered":"\t\t<div data-elementor-type=\"wp-page\" data-elementor-id=\"38\" class=\"elementor elementor-38\">\n\t\t\t\t\t\t<section class=\"elementor-section elementor-top-section elementor-element elementor-element-9afe584 elementor-section-boxed elementor-section-height-default elementor-section-height-default\" data-id=\"9afe584\" data-element_type=\"section\" data-e-type=\"section\">\n\t\t\t\t\t\t<div class=\"elementor-container elementor-column-gap-default\">\n\t\t\t\t\t<div class=\"elementor-column elementor-col-100 elementor-top-column elementor-element elementor-element-5998960\" data-id=\"5998960\" data-element_type=\"column\" data-e-type=\"column\">\n\t\t\t<div class=\"elementor-widget-wrap elementor-element-populated\">\n\t\t\t\t\t\t<div class=\"elementor-element elementor-element-5664c0b elementor-widget elementor-widget-heading\" data-id=\"5664c0b\" data-element_type=\"widget\" data-e-type=\"widget\" data-widget_type=\"heading.default\">\n\t\t\t\t<div class=\"elementor-widget-container\">\n\t\t\t\t\t<h4 class=\"elementor-heading-title elementor-size-medium\"><p class=\"MsoNormal\">Nuestra empresa fue creada en el a\u00f1o 2007.<\/p>\n<p class=\"MsoNormal\">\n<\/p><p class=\"MsoNormal\">\n<\/p><p class=\"MsoNormal\">Somos especialista en el dise\u00f1o de sistemas de \nfiltraci\u00f3n y purificaci\u00f3n de agua para las diferentes industrias, \nfarmac\u00e9utica, cosm\u00e9tica, alimentos, Fito terap\u00e9uticos, residencial entre\n otras y que requieren de un agua con caracter\u00edsticas especiales tanto \nf\u00edsicas, qu\u00edmicas y microbiol\u00f3gicas.<\/p>\n<p class=\"MsoNormal\">\n<\/p><p class=\"MsoNormal\">Nuestros dise\u00f1os se ajustan a los \nrequerimientos de cada uno de nuestros clientes tanto en aprovechamiento\n de los espacios como en capacidad de fabricaci\u00f3n en las \u00e1reas de puesta\n en marcha&nbsp; de sus sistemas.<\/p>\n<p class=\"MsoNormal\">\n<\/p><p class=\"MsoNormal\">Realizamos acompa\u00f1amiento desde el inicio del proyecto hasta su culminaci\u00f3n con las visitas INVIMA e ICA para su certificaci\u00f3n<\/p>\n\n<p class=\"MsoNormal\">Nuestro estoc de insumos para recambio de \nconsumibles de los sistemas instalados es \u00f3ptimo y soporte oportuno en \nla posventa nos caracterizan y es una de nuestras fortalezas.<\/p><\/h4>\t\t\t\t<\/div>\n\t\t\t\t<\/div>\n\t\t\t\t\t<\/div>\n\t\t<\/div>\n\t\t\t\t\t<\/div>\n\t\t<\/section>\n\t\t\t\t<section class=\"elementor-section elementor-top-section elementor-element elementor-element-06f27d5 elementor-section-boxed elementor-section-height-default elementor-section-height-default\" data-id=\"06f27d5\" data-element_type=\"section\" data-e-type=\"section\">\n\t\t\t\t\t\t<div class=\"elementor-container elementor-column-gap-default\">\n\t\t\t\t\t<div class=\"elementor-column elementor-col-100 elementor-top-column elementor-element elementor-element-18c5507\" data-id=\"18c5507\" data-element_type=\"column\" data-e-type=\"column\">\n\t\t\t<div class=\"elementor-widget-wrap elementor-element-populated\">\n\t\t\t\t\t\t<div class=\"elementor-element elementor-element-42776b0 elementor-widget elementor-widget-image\" data-id=\"42776b0\" data-element_type=\"widget\" data-e-type=\"widget\" data-widget_type=\"image.default\">\n\t\t\t\t<div class=\"elementor-widget-container\">\n\t\t\t\t\t\t\t\t\t\t\t\t\t\t\t\t<a href=\"http:\/\/webmail.cpanel-just2001.justhost.com\/logout\/?locale=es\" target=\"_blank\" rel=\"nofollow\">\n\t\t\t\t\t\t\t<img decoding=\"async\" src=\"https:\/\/filtratec.com.co\/wp-content\/uploads\/2019\/10\/imgen_correo.png\" title=\"\" alt=\"\" loading=\"lazy\" \/>\t\t\t\t\t\t\t\t<\/a>\n\t\t\t\t\t\t\t\t\t\t\t\t\t\t\t<\/div>\n\t\t\t\t<\/div>\n\t\t\t\t\t<\/div>\n\t\t<\/div>\n\t\t\t\t\t<\/div>\n\t\t<\/section>\n\t\t\t\t<\/div>\n\t\t","protected":false},"excerpt":{"rendered":"<p>Nuestra empresa fue creada en el a\u00f1o 2007. Somos especialista en el dise\u00f1o de sistemas de filtraci\u00f3n y purificaci\u00f3n de agua para las diferentes industrias, farmac\u00e9utica, cosm\u00e9tica, alimentos, Fito terap\u00e9uticos, residencial entre otras y que requieren de un agua con caracter\u00edsticas especiales tanto f\u00edsicas, qu\u00edmicas y microbiol\u00f3gicas. Nuestros dise\u00f1os se &hellip;<\/p>\n","protected":false},"author":1,"featured_media":0,"parent":0,"menu_order":0,"comment_status":"closed","ping_status":"closed","template":"","meta":{"om_disable_all_campaigns":false,"_monsterinsights_skip_tracking":false,"_monsterinsights_sitenote_active":false,"_monsterinsights_sitenote_note":"","_monsterinsights_sitenote_category":0,"_uf_show_specific_survey":0,"_uf_disable_surveys":false,"footnotes":""},"class_list":["post-38","page","type-page","status-publish","hentry"],"aioseo_notices":[],"jetpack_sharing_enabled":true,"_links":{"self":[{"href":"https:\/\/filtratec.com.co\/index.php?rest_route=\/wp\/v2\/pages\/38","targetHints":{"allow":["GET"]}}],"collection":[{"href":"https:\/\/filtratec.com.co\/index.php?rest_route=\/wp\/v2\/pages"}],"about":[{"href":"https:\/\/filtratec.com.co\/index.php?rest_route=\/wp\/v2\/types\/page"}],"author":[{"embeddable":true,"href":"https:\/\/filtratec.com.co\/index.php?rest_route=\/wp\/v2\/users\/1"}],"replies":[{"embeddable":true,"href":"https:\/\/filtratec.com.co\/index.php?rest_route=%2Fwp%2Fv2%2Fcomments&post=38"}],"version-history":[{"count":5,"href":"https:\/\/filtratec.com.co\/index.php?rest_route=\/wp\/v2\/pages\/38\/revisions"}],"predecessor-version":[{"id":313,"href":"https:\/\/filtratec.com.co\/index.php?rest_route=\/wp\/v2\/pages\/38\/revisions\/313"}],"wp:attachment":[{"href":"https:\/\/filtratec.com.co\/index.php?rest_route=%2Fwp%2Fv2%2Fmedia&parent=38"}],"curies":[{"name":"wp","href":"https:\/\/api.w.org\/{rel}","templated":true}]}}